{"id":10,"date":"2022-12-01T15:01:50","date_gmt":"2022-12-01T14:01:50","guid":{"rendered":"https:\/\/institut-ifcfi.com\/?page_id=10"},"modified":"2022-12-15T20:00:13","modified_gmt":"2022-12-15T19:00:13","slug":"services","status":"publish","type":"page","link":"https:\/\/institut-ifcfi.com\/en\/services\/","title":{"rendered":"Services"},"content":{"rendered":"<div data-elementor-type=\"wp-page\" data-elementor-id=\"10\" class=\"elementor elementor-10\">\n\t\t\t\t\t\t\t<div class=\"elementor-element elementor-element-deedc91 e-con-boxed e-con\" data-id=\"deedc91\" data-element_type=\"container\" data-settings=\"{&quot;content_width&quot;:&quot;boxed&quot;}\">\n\t\t\t\t\t<div class=\"e-con-inner\">\n\t\t<div class=\"elementor-element elementor-element-03c5c1d e-con-full e-con\" data-id=\"03c5c1d\" data-element_type=\"container\" data-settings=\"{&quot;content_width&quot;:&quot;full&quot;}\">\n\t\t\t\t<div class=\"elementor-element elementor-element-f3f0ca6 elementor-widget elementor-widget-heading\" data-id=\"f3f0ca6\" data-element_type=\"widget\" data-widget_type=\"heading.default\">\n\t\t\t\t<div class=\"elementor-widget-container\">\n\t\t\t<style>\/*! elementor - v3.9.0 - 06-12-2022 *\/\n.elementor-heading-title{padding:0;margin:0;line-height:1}.elementor-widget-heading .elementor-heading-title[class*=elementor-size-]>a{color:inherit;font-size:inherit;line-height:inherit}.elementor-widget-heading .elementor-heading-title.elementor-size-small{font-size:15px}.elementor-widget-heading .elementor-heading-title.elementor-size-medium{font-size:19px}.elementor-widget-heading .elementor-heading-title.elementor-size-large{font-size:29px}.elementor-widget-heading .elementor-heading-title.elementor-size-xl{font-size:39px}.elementor-widget-heading .elementor-heading-title.elementor-size-xxl{font-size:59px}<\/style><h2 class=\"elementor-heading-title elementor-size-default\">Qui sommes nous ?<\/h2>\t\t<\/div>\n\t\t\t\t<\/div>\n\t\t\t\t<div class=\"elementor-element elementor-element-c786187 elementor-widget elementor-widget-text-editor\" data-id=\"c786187\" data-element_type=\"widget\" data-widget_type=\"text-editor.default\">\n\t\t\t\t<div class=\"elementor-widget-container\">\n\t\t\t<style>\/*! elementor - v3.9.0 - 06-12-2022 *\/\n.elementor-widget-text-editor.elementor-drop-cap-view-stacked .elementor-drop-cap{background-color:#818a91;color:#fff}.elementor-widget-text-editor.elementor-drop-cap-view-framed .elementor-drop-cap{color:#818a91;border:3px solid;background-color:transparent}.elementor-widget-text-editor:not(.elementor-drop-cap-view-default) .elementor-drop-cap{margin-top:8px}.elementor-widget-text-editor:not(.elementor-drop-cap-view-default) .elementor-drop-cap-letter{width:1em;height:1em}.elementor-widget-text-editor .elementor-drop-cap{float:left;text-align:center;line-height:1;font-size:50px}.elementor-widget-text-editor .elementor-drop-cap-letter{display:inline-block}<\/style>\t\t\t\t<div class=\"wrapper indent-bot\"><div class=\"extra-wrap\"><h4>Une formation en Israel<\/h4><p>Cr\u00e9\u00e9 en 2009, l&rsquo;Institut de formation continue Franco Isra\u00e9lien est une association\u00a0<em>loi 1901<\/em>\u00a0qui a pour but d&rsquo;organiser chaque ann\u00e9e des regroupements de praticiens de multiples m\u00e9tiers en Isra\u00ebl. Gr\u00e2ce a cette association, les membres de France et d&rsquo;Israel se retrouvent chaque ann\u00e9e dans le cadre agr\u00e9able des villes d&rsquo;Israel.<\/p><\/div><\/div><p>Vous souhaitez d\u00e9couvrir de nouvelles relations professionnelles? Vous d\u00e9sirez conna\u00eetre de nouvelles techniques de travail ou perfectionner les v\u00f4tres? c&rsquo;est ce que vous propose l&rsquo;association IFCFI, dans le cadre de congr\u00e8s ou de cycles de conf\u00e9rences, l&rsquo;IFCFI vous propose de d\u00e9couvrir les praticiens les plus reput\u00e9s d&rsquo;Isra\u00ebl.<\/p><p>Les rencontres s&rsquo;effectuent dans les grandes villes du pays (J\u00e9rusalem, Tel Aviv, Eilat, Haifa) et r\u00e9unissent des conf\u00e9renciers d&rsquo;Isra\u00ebl. ou d&rsquo;autres parties du monde pour traiter des sujets du moment. Isra\u00ebl se place parmi les leaders mondiaux dans de multiples domaines de la m\u00e9decine ou de la finance. Les techniques du laser ou de chirurgie implantaire n&rsquo;ont plus de secrets pour les dentistes Isra\u00e9liens. De m\u00eame pour les plate formes de trading qui sont \u00e9galement monnaie courante pour les chefs d&rsquo;entreprise de ce pays. Les visites sur place permettent aussi de d\u00e9couvrir les universit\u00e9s et les usines de fabrication d&rsquo;instruments et de produits \u00ab\u00a0Made in Israel\u00a0\u00bb<\/p><p>La participation \u00e0 l\u2019ensemble d&rsquo;un cycle de formation ou d&rsquo;un congres sera valid\u00e9e par une\u00a0attestation de pr\u00e9sence pour faire valoir ce que de droit.<\/p>\t\t\t\t\t\t<\/div>\n\t\t\t\t<\/div>\n\t\t\t\t<\/div>\n\t\t<div class=\"elementor-element elementor-element-d49f981 e-con-boxed e-con\" data-id=\"d49f981\" data-element_type=\"container\" data-settings=\"{&quot;content_width&quot;:&quot;boxed&quot;}\">\n\t\t\t\t\t<div class=\"e-con-inner\">\n\t\t<div class=\"elementor-element elementor-element-d0eeaec e-con-boxed e-con\" data-id=\"d0eeaec\" data-element_type=\"container\" data-settings=\"{&quot;content_width&quot;:&quot;boxed&quot;}\">\n\t\t\t\t\t<div class=\"e-con-inner\">\n\t\t\t\t<div class=\"elementor-element elementor-element-2dc9917 elementor-widget__width-initial elementor-widget elementor-widget-image\" data-id=\"2dc9917\" data-element_type=\"widget\" data-widget_type=\"image.default\">\n\t\t\t\t<div class=\"elementor-widget-container\">\n\t\t\t<style>\/*! elementor - v3.9.0 - 06-12-2022 *\/\n.elementor-widget-image{text-align:center}.elementor-widget-image a{display:inline-block}.elementor-widget-image a img[src$=\".svg\"]{width:48px}.elementor-widget-image img{vertical-align:middle;display:inline-block}<\/style>\t\t\t\t\t\t\t\t\t\t\t\t<img loading=\"lazy\" decoding=\"async\" width=\"225\" height=\"300\" src=\"https:\/\/institut-ifcfi.com\/wp-content\/uploads\/2022\/12\/53165084_2080287192026531_2098870515199377408_n-225x300.jpeg\" class=\"attachment-medium size-medium wp-image-791\" alt=\"\" srcset=\"https:\/\/institut-ifcfi.com\/wp-content\/uploads\/2022\/12\/53165084_2080287192026531_2098870515199377408_n-225x300.jpeg 225w, https:\/\/institut-ifcfi.com\/wp-content\/uploads\/2022\/12\/53165084_2080287192026531_2098870515199377408_n-9x12.jpeg 9w, https:\/\/institut-ifcfi.com\/wp-content\/uploads\/2022\/12\/53165084_2080287192026531_2098870515199377408_n-600x800.jpeg 600w, https:\/\/institut-ifcfi.com\/wp-content\/uploads\/2022\/12\/53165084_2080287192026531_2098870515199377408_n.jpeg 720w\" sizes=\"auto, (max-width: 225px) 100vw, 225px\" \/>\t\t\t\t\t\t\t\t\t\t\t\t\t\t\t<\/div>\n\t\t\t\t<\/div>\n\t\t\t\t<div class=\"elementor-element elementor-element-1bcf5ff elementor-widget elementor-widget-image\" data-id=\"1bcf5ff\" data-element_type=\"widget\" data-widget_type=\"image.default\">\n\t\t\t\t<div class=\"elementor-widget-container\">\n\t\t\t\t\t\t\t\t\t\t\t\t\t\t\t<img loading=\"lazy\" decoding=\"async\" width=\"383\" height=\"414\" src=\"https:\/\/institut-ifcfi.com\/wp-content\/uploads\/2022\/12\/Creme-et-Noir-Rythme-Cardiaque-Superminimalisme-Medical-et-Sante-Logo-1-1.png\" class=\"attachment-large size-large wp-image-930\" alt=\"\" srcset=\"https:\/\/institut-ifcfi.com\/wp-content\/uploads\/2022\/12\/Creme-et-Noir-Rythme-Cardiaque-Superminimalisme-Medical-et-Sante-Logo-1-1.png 383w, https:\/\/institut-ifcfi.com\/wp-content\/uploads\/2022\/12\/Creme-et-Noir-Rythme-Cardiaque-Superminimalisme-Medical-et-Sante-Logo-1-1-278x300.png 278w, https:\/\/institut-ifcfi.com\/wp-content\/uploads\/2022\/12\/Creme-et-Noir-Rythme-Cardiaque-Superminimalisme-Medical-et-Sante-Logo-1-1-11x12.png 11w\" sizes=\"auto, (max-width: 383px) 100vw, 383px\" \/>\t\t\t\t\t\t\t\t\t\t\t\t\t\t\t<\/div>\n\t\t\t\t<\/div>\n\t\t\t\t\t<\/div>\n\t\t\t\t<\/div>\n\t\t<div class=\"elementor-element elementor-element-0c72336 e-con-boxed e-con\" data-id=\"0c72336\" data-element_type=\"container\" data-settings=\"{&quot;background_background&quot;:&quot;classic&quot;,&quot;content_width&quot;:&quot;boxed&quot;}\">\n\t\t\t\t\t<div class=\"e-con-inner\">\n\t\t\t\t<div class=\"elementor-element elementor-element-2c4de68 elementor-widget elementor-widget-spacer\" data-id=\"2c4de68\" data-element_type=\"widget\" data-widget_type=\"spacer.default\">\n\t\t\t\t<div class=\"elementor-widget-container\">\n\t\t\t<style>\/*! elementor - v3.9.0 - 06-12-2022 *\/\n.elementor-column .elementor-spacer-inner{height:var(--spacer-size)}.e-con{--container-widget-width:100%}.e-con-inner>.elementor-widget-spacer,.e-con>.elementor-widget-spacer{width:var(--container-widget-width,var(--spacer-size));--align-self:var(--container-widget-align-self,initial);--flex-shrink:0}.e-con-inner>.elementor-widget-spacer>.elementor-widget-container,.e-con-inner>.elementor-widget-spacer>.elementor-widget-container>.elementor-spacer,.e-con>.elementor-widget-spacer>.elementor-widget-container,.e-con>.elementor-widget-spacer>.elementor-widget-container>.elementor-spacer{height:100%}.e-con-inner>.elementor-widget-spacer>.elementor-widget-container>.elementor-spacer>.elementor-spacer-inner,.e-con>.elementor-widget-spacer>.elementor-widget-container>.elementor-spacer>.elementor-spacer-inner{height:var(--container-widget-height,var(--spacer-size))}<\/style>\t\t<div class=\"elementor-spacer\">\n\t\t\t<div class=\"elementor-spacer-inner\"><\/div>\n\t\t<\/div>\n\t\t\t\t<\/div>\n\t\t\t\t<\/div>\n\t\t\t\t\t<\/div>\n\t\t\t\t<\/div>\n\t\t<div class=\"elementor-element elementor-element-62148dd e-con-boxed e-con\" data-id=\"62148dd\" data-element_type=\"container\" data-settings=\"{&quot;content_width&quot;:&quot;boxed&quot;}\">\n\t\t\t\t\t<div class=\"e-con-inner\">\n\t\t\t\t<div class=\"elementor-element elementor-element-86ba03c elementor-widget elementor-widget-image\" data-id=\"86ba03c\" data-element_type=\"widget\" data-widget_type=\"image.default\">\n\t\t\t\t<div class=\"elementor-widget-container\">\n\t\t\t\t\t\t\t\t\t\t\t\t\t\t\t<img loading=\"lazy\" decoding=\"async\" width=\"800\" height=\"533\" src=\"https:\/\/institut-ifcfi.com\/wp-content\/uploads\/2022\/12\/10991107_795919290463334_4461836668311634144_n.jpeg\" class=\"attachment-large size-large wp-image-768\" alt=\"\" srcset=\"https:\/\/institut-ifcfi.com\/wp-content\/uploads\/2022\/12\/10991107_795919290463334_4461836668311634144_n.jpeg 960w, https:\/\/institut-ifcfi.com\/wp-content\/uploads\/2022\/12\/10991107_795919290463334_4461836668311634144_n-300x200.jpeg 300w, https:\/\/institut-ifcfi.com\/wp-content\/uploads\/2022\/12\/10991107_795919290463334_4461836668311634144_n-768x512.jpeg 768w, https:\/\/institut-ifcfi.com\/wp-content\/uploads\/2022\/12\/10991107_795919290463334_4461836668311634144_n-18x12.jpeg 18w, https:\/\/institut-ifcfi.com\/wp-content\/uploads\/2022\/12\/10991107_795919290463334_4461836668311634144_n-600x400.jpeg 600w\" sizes=\"auto, (max-width: 800px) 100vw, 800px\" \/>\t\t\t\t\t\t\t\t\t\t\t\t\t\t\t<\/div>\n\t\t\t\t<\/div>\n\t\t\t\t\t<\/div>\n\t\t\t\t<\/div>\n\t\t<div class=\"elementor-element elementor-element-7c0f470 e-con-boxed e-con\" data-id=\"7c0f470\" data-element_type=\"container\" data-settings=\"{&quot;content_width&quot;:&quot;boxed&quot;}\">\n\t\t\t\t\t<div class=\"e-con-inner\">\n\t\t\t\t<div class=\"elementor-element elementor-element-1f8404d elementor-widget elementor-widget-image\" data-id=\"1f8404d\" data-element_type=\"widget\" data-widget_type=\"image.default\">\n\t\t\t\t<div class=\"elementor-widget-container\">\n\t\t\t\t\t\t\t\t\t\t\t\t\t\t\t<img loading=\"lazy\" decoding=\"async\" width=\"800\" height=\"600\" src=\"https:\/\/institut-ifcfi.com\/wp-content\/uploads\/2022\/12\/53010671_2080287008693216_7275246206500995072_n.jpeg\" class=\"attachment-large size-large wp-image-789\" alt=\"\" srcset=\"https:\/\/institut-ifcfi.com\/wp-content\/uploads\/2022\/12\/53010671_2080287008693216_7275246206500995072_n.jpeg 960w, https:\/\/institut-ifcfi.com\/wp-content\/uploads\/2022\/12\/53010671_2080287008693216_7275246206500995072_n-300x225.jpeg 300w, https:\/\/institut-ifcfi.com\/wp-content\/uploads\/2022\/12\/53010671_2080287008693216_7275246206500995072_n-768x576.jpeg 768w, https:\/\/institut-ifcfi.com\/wp-content\/uploads\/2022\/12\/53010671_2080287008693216_7275246206500995072_n-16x12.jpeg 16w, https:\/\/institut-ifcfi.com\/wp-content\/uploads\/2022\/12\/53010671_2080287008693216_7275246206500995072_n-600x450.jpeg 600w\" sizes=\"auto, (max-width: 800px) 100vw, 800px\" \/>\t\t\t\t\t\t\t\t\t\t\t\t\t\t\t<\/div>\n\t\t\t\t<\/div>\n\t\t\t\t\t<\/div>\n\t\t\t\t<\/div>\n\t\t\t\t\t<\/div>\n\t\t\t\t<\/div>\n\t\t\t\t\t<\/div>\n\t\t\t\t<\/div>\n\t\t\t\t\t\t\t<\/div>","protected":false},"excerpt":{"rendered":"<p>Qui sommes nous ? Une formation en Israel Cr\u00e9\u00e9 en 2009, l&rsquo;Institut de formation continue Franco Isra\u00e9lien est une association\u00a0loi 1901\u00a0qui a pour but d&rsquo;organiser chaque ann\u00e9e des regroupements de praticiens de multiples m\u00e9tiers en Isra\u00ebl. Gr\u00e2ce a cette association, les membres de France et d&rsquo;Israel se retrouvent chaque ann\u00e9e dans le cadre agr\u00e9able des [&hellip;]<\/p>","protected":false},"author":1,"featured_media":0,"parent":0,"menu_order":0,"comment_status":"closed","ping_status":"closed","template":"","meta":{"footnotes":""},"class_list":["post-10","page","type-page","status-publish","hentry"],"_links":{"self":[{"href":"https:\/\/institut-ifcfi.com\/en\/wp-json\/wp\/v2\/pages\/10","targetHints":{"allow":["GET"]}}],"collection":[{"href":"https:\/\/institut-ifcfi.com\/en\/wp-json\/wp\/v2\/pages"}],"about":[{"href":"https:\/\/institut-ifcfi.com\/en\/wp-json\/wp\/v2\/types\/page"}],"author":[{"embeddable":true,"href":"https:\/\/institut-ifcfi.com\/en\/wp-json\/wp\/v2\/users\/1"}],"replies":[{"embeddable":true,"href":"https:\/\/institut-ifcfi.com\/en\/wp-json\/wp\/v2\/comments?post=10"}],"version-history":[{"count":36,"href":"https:\/\/institut-ifcfi.com\/en\/wp-json\/wp\/v2\/pages\/10\/revisions"}],"predecessor-version":[{"id":974,"href":"https:\/\/institut-ifcfi.com\/en\/wp-json\/wp\/v2\/pages\/10\/revisions\/974"}],"wp:attachment":[{"href":"https:\/\/institut-ifcfi.com\/en\/wp-json\/wp\/v2\/media?parent=10"}],"curies":[{"name":"wp","href":"https:\/\/api.w.org\/{rel}","templated":true}]}}