{"id":432,"date":"2022-12-07T21:03:53","date_gmt":"2022-12-07T20:03:53","guid":{"rendered":"https:\/\/institut-ifcfi.com\/?post_type=product&#038;p=432"},"modified":"2023-01-30T17:40:37","modified_gmt":"2023-01-30T16:40:37","slug":"congres-cmd-2022","status":"publish","type":"product","link":"https:\/\/institut-ifcfi.com\/en\/product\/congres-cmd-2022\/","title":{"rendered":"Congres CMD 2023"},"content":{"rendered":"<p>Le Herods Palace est l\u2019un des h\u00f4tels phares d\u2019Eilat. Fer de lance d\u2019un complexe h\u00f4telier comprenant 3 \u00e9tablissements, le Palace d\u00e9ploie son architecture d\u00e9mesur\u00e9e face \u00e0 la mer. Toutes les chambres ont un balcon avec vue panoramique sur la Mer Rouge.<\/p>\n<p>Tout est r\u00e9uni ici pour vous faire passer un s\u00e9jour inoubliable. En couple ou en famille, Le Herods Palace regorge d\u2019activit\u00e9s pour tous les go\u00fbts et tous les \u00e2ges. Les sportifs seront combl\u00e9s par les 3 piscines, la salle de fitness ultra moderne et de nombreuses animations organis\u00e9es par le personnel de l\u2019h\u00f4tel. Les amoureux du farniente et du bien-\u00eatre pourront jouir des divers lieux de d\u00e9tente, de la plage am\u00e9nag\u00e9e de l\u2019h\u00f4tel et du Spa. Pour les enfants, des salles de jeux avec une salle de \u00abGymboree\u00bb, PlayStation et de nombreuses autres surprises pour leur plus grand plaisir. Tout cela dans un cadre luxueux, avec une vue imprenable sur la baie d\u2019Eilat.<\/p>","protected":false},"excerpt":{"rendered":"<p>PACKAGE VOL + HOTEL\u00a0 &#8211; Du 19 au 26 F\u00e9vrier 2023<br \/>\nHotel Herods Palace &#8211; Sur Base Petit D\u00e9jeuner<br \/>\nEnfant : 2ans a 16 ans<\/p>","protected":false},"featured_media":505,"template":"","meta":[],"product_cat":[25],"product_tag":[],"class_list":["post-432","product","type-product","status-publish","has-post-thumbnail","hentry","product_cat-congres"],"_links":{"self":[{"href":"https:\/\/institut-ifcfi.com\/en\/wp-json\/wp\/v2\/product\/432","targetHints":{"allow":["GET"]}}],"collection":[{"href":"https:\/\/institut-ifcfi.com\/en\/wp-json\/wp\/v2\/product"}],"about":[{"href":"https:\/\/institut-ifcfi.com\/en\/wp-json\/wp\/v2\/types\/product"}],"version-history":[{"count":1,"href":"https:\/\/institut-ifcfi.com\/en\/wp-json\/wp\/v2\/product\/432\/revisions"}],"predecessor-version":[{"id":906,"href":"https:\/\/institut-ifcfi.com\/en\/wp-json\/wp\/v2\/product\/432\/revisions\/906"}],"wp:featuredmedia":[{"embeddable":true,"href":"https:\/\/institut-ifcfi.com\/en\/wp-json\/wp\/v2\/media\/505"}],"wp:attachment":[{"href":"https:\/\/institut-ifcfi.com\/en\/wp-json\/wp\/v2\/media?parent=432"}],"wp:term":[{"taxonomy":"product_cat","embeddable":true,"href":"https:\/\/institut-ifcfi.com\/en\/wp-json\/wp\/v2\/product_cat?post=432"},{"taxonomy":"product_tag","embeddable":true,"href":"https:\/\/institut-ifcfi.com\/en\/wp-json\/wp\/v2\/product_tag?post=432"}],"curies":[{"name":"wp","href":"https:\/\/api.w.org\/{rel}","templated":true}]}}